{"id":6651,"date":"2015-09-02T22:58:01","date_gmt":"2015-09-02T20:58:01","guid":{"rendered":"http:\/\/boule-im-rheingau.net\/?page_id=6651"},"modified":"2024-07-18T12:31:09","modified_gmt":"2024-07-18T10:31:09","slug":"vorstand","status":"publish","type":"page","link":"https:\/\/boule-im-rheingau.de\/?page_id=6651","title":{"rendered":"Vorstand"},"content":{"rendered":"<table>\n<tbody>\n<tr>\n<th>Vorsitzende:<\/th>\n<th>stellv. Vorsitzender:<\/th>\n<\/tr>\n<tr>\n<td><strong>Sibylle Hammelbacher<\/strong><br \/>\n<b>65385 R\u00fcdesheim<\/b><br \/>\n<strong>Gerichtstr. 21<\/strong><br \/>\n<strong> Tel. 0151 29034362<\/strong><br \/>\n<strong> E-Mail:<a href=\"mailto:siha@boule-im-rheingau.de\">siha@boule-im-rheingau.de<\/a><\/strong><\/td>\n<td><strong>Paul-Michael Dries<\/strong><br \/>\n<strong> 65385 R\u00fcdesheim<\/strong><br \/>\n<strong>Gerichtstr. 21<\/strong><br \/>\n<strong> Tel. 06722-910845<\/strong><br \/>\n<strong> E-Mail: <a href=\"mailto:Michael@boule-im-rheingau.de\">Michael@boule-im-rheingau.de<\/a><\/strong><\/td>\n<\/tr>\n<\/tbody>\n<\/table>\n<table>\n<tbody>\n<tr>\n<th>Beisitzer<\/th>\n<th><\/th>\n<\/tr>\n<tr>\n<td><strong>Hans-J\u00fcrgen Heyer<\/strong><br \/>\n<strong>65366 Geisenheim<\/strong><br \/>\n<strong>Winkelerstr. 67<\/strong><br \/>\n<strong> Tel. 06722-6302<\/strong><br \/>\n<strong> mobil: <\/strong><br \/>\n<strong> E-Mail: <a href=\"mailto:Hans-Juergen@boule-im-rheingau.de\">Hans-Juergen@boule-im-rheingau.de<\/a> <\/strong><\/td>\n<td><strong>Gerhild Kunz<\/strong><br \/>\n<strong>65347 Eltville-Hattenheim<\/strong><br \/>\n<strong>Fischergasse 1<\/strong><br \/>\n<strong>Tel: 06723-8049351<\/strong><br \/>\n<strong> mobil: <\/strong><br \/>\n<strong>E-Mail: <a href=\"mailto:gerhild@boule-im-rheingau.de\">Gerhild@boule-im-rheingau.de<\/a><\/strong><\/td>\n<\/tr>\n<tr>\n<td><strong>Volker Jacob<\/strong><br \/>\n<strong>65207 Wiesbaden<\/strong><br \/>\n<strong>Laurentiusstr. 13<\/strong><br \/>\n<strong> Tel. 06127-7058656<\/strong><br \/>\n<strong> mobil: <\/strong><br \/>\n<strong> E-Mail:\u00a0<a href=\"mailto:volker@boule-im-rheingau.de\">volker@boule-im-rheingau.de<\/a><\/strong><\/td>\n<\/tr>\n<\/tbody>\n<\/table>\n<p>Alle Mitglieder des Vorstands gemeinsam sind zu erreichen unter<br \/>\nE-Mail: <a href=\"mailto:vorstand@boule-im-rheingau.de\">vorstand@boule-im-rheingau.de <\/a>.<\/p>\n<p>Hinweise, Fragen und Anregungen zu dieser Webseite k\u00f6nnen gerichtet werden an E-Mail: <a href=\"mailto:bcr@boule-im-rheingau.de\">bcr@boule-im-rheingau.de <\/a>.<\/p>\n","protected":false},"excerpt":{"rendered":"<p>Vorsitzende: stellv. Vorsitzender: Sibylle Hammelbacher 65385 R\u00fcdesheim Gerichtstr. 21 Tel. 0151 29034362 E-Mail:siha@boule-im-rheingau.de Paul-Michael Dries 65385 R\u00fcdesheim Gerichtstr. 21 Tel. 06722-910845 E-Mail: Michael@boule-im-rheingau.de Beisitzer Hans-J\u00fcrgen Heyer 65366 Geisenheim Winkelerstr. 67 Tel. 06722-6302 mobil: E-Mail: Hans-Juergen@boule-im-rheingau.de Gerhild Kunz 65347 Eltville-Hattenheim Fischergasse 1 Tel: 06723-8049351 mobil: E-Mail: Gerhild@boule-im-rheingau.de Volker Jacob 65207 Wiesbaden Laurentiusstr. 13 Tel. 06127-7058656 mobil: [&hellip;]<\/p>\n","protected":false},"author":263,"featured_media":0,"parent":0,"menu_order":0,"comment_status":"open","ping_status":"open","template":"","meta":{"_exactmetrics_skip_tracking":false,"_exactmetrics_sitenote_active":false,"_exactmetrics_sitenote_note":"","_exactmetrics_sitenote_category":0,"_monsterinsights_skip_tracking":false,"_monsterinsights_sitenote_active":false,"_monsterinsights_sitenote_note":"","_monsterinsights_sitenote_category":0,"footnotes":""},"class_list":["post-6651","page","type-page","status-publish","hentry"],"aioseo_notices":[],"_links":{"self":[{"href":"https:\/\/boule-im-rheingau.de\/index.php?rest_route=\/wp\/v2\/pages\/6651","targetHints":{"allow":["GET"]}}],"collection":[{"href":"https:\/\/boule-im-rheingau.de\/index.php?rest_route=\/wp\/v2\/pages"}],"about":[{"href":"https:\/\/boule-im-rheingau.de\/index.php?rest_route=\/wp\/v2\/types\/page"}],"author":[{"embeddable":true,"href":"https:\/\/boule-im-rheingau.de\/index.php?rest_route=\/wp\/v2\/users\/263"}],"replies":[{"embeddable":true,"href":"https:\/\/boule-im-rheingau.de\/index.php?rest_route=%2Fwp%2Fv2%2Fcomments&post=6651"}],"version-history":[{"count":10,"href":"https:\/\/boule-im-rheingau.de\/index.php?rest_route=\/wp\/v2\/pages\/6651\/revisions"}],"predecessor-version":[{"id":14556,"href":"https:\/\/boule-im-rheingau.de\/index.php?rest_route=\/wp\/v2\/pages\/6651\/revisions\/14556"}],"wp:attachment":[{"href":"https:\/\/boule-im-rheingau.de\/index.php?rest_route=%2Fwp%2Fv2%2Fmedia&parent=6651"}],"curies":[{"name":"wp","href":"https:\/\/api.w.org\/{rel}","templated":true}]}}