{"id":5607,"date":"2014-10-30T15:49:20","date_gmt":"2014-10-30T14:49:20","guid":{"rendered":"http:\/\/boule-im-rheingau.net\/?page_id=5607"},"modified":"2021-11-15T14:35:10","modified_gmt":"2021-11-15T13:35:10","slug":"boule-club-rheingau-e-v","status":"publish","type":"page","link":"https:\/\/boule-im-rheingau.de\/?page_id=5607","title":{"rendered":"Boule Club RHEINGAU Oestrich-Winkel e.V."},"content":{"rendered":"\n<figure class=\"wp-block-image\"><a href=\"\/wp-content\/bilder\/boule Logo-650.jpg\"><img decoding=\"async\" src=\"\/wp-content\/bilder\/boule Logo-650.jpg\" alt=\"\"\/><\/a><\/figure>\n\n\n\n<p>Der Boule Club RHEINGAU Oestrich-Winkel e.V. wurde am 7. Februar 2008 in Oestrich-Winkel gegr\u00fcndet. Derzeit (01.01. 2020) hat der Boule Club <strong>75 Mitglieder<\/strong>.<\/p>\n\n\n\n<p>Im Boule Club RHEINGAU Oestrich-Winkel e.V. sind alle am Boulespiel Interessierten herzlich willkommen. Wir versuchen, die Formalien so gering wie m\u00f6glich zu halten. Der Spa\u00df am Boulespiel und die Geselligkeit sollen im Vordergrund stehen. Der Mitgliedsbeitrag ist so gering gehalten, dass dieser Betrag f\u00fcr Niemanden ein Hinderungsgrund sein sollte: Der aktuelle Beitrag liegt bei 1,50 \u20ac pro Monat, das entspricht 18,00 \u20ac pro Jahr. Der Boule Club RHEINGAU Oestrich-Winkel e.V. ist Mitglied im Hessischen P\u00e9tanque Verband (HPV) und im Landessportbund Hessen e.V. . \u00dcber die Verbands-Mitgliedschaft beim HPV k\u00f6nnen Mitglieder des Vereins auf Antrag eine offizielle DPV-Spielerlizenz erhalten (Kosten pro Jahr 30,00 \u20ac), die zum Einsatz bei Ligaspielen und zum Start bei lizenzpflichtigen Turnieren (insbesondere in Frankreich) berechtigt. Bei allen freien Bouletreffs im Rheingau, soweit vom Verein veranstaltet, organisiert oder unterst\u00fctzt, sind G\u00e4ste jederzeit willkommen. Eine Club-Mitgliedschaft ist nicht zwingend, aber durchaus gerne gesehen.<\/p>\n\n\n\n<p><\/p>\n","protected":false},"excerpt":{"rendered":"<p>Der Boule Club RHEINGAU Oestrich-Winkel e.V. wurde am 7. Februar 2008 in Oestrich-Winkel gegr\u00fcndet. Derzeit (01.01. 2020) hat der Boule Club 75 Mitglieder. Im Boule Club RHEINGAU Oestrich-Winkel e.V. sind alle am Boulespiel Interessierten herzlich willkommen. Wir versuchen, die Formalien so gering wie m\u00f6glich zu halten. Der Spa\u00df am Boulespiel und die Geselligkeit sollen im [&hellip;]<\/p>\n","protected":false},"author":1,"featured_media":0,"parent":39,"menu_order":13,"comment_status":"open","ping_status":"open","template":"","meta":{"_exactmetrics_skip_tracking":false,"_exactmetrics_sitenote_active":false,"_exactmetrics_sitenote_note":"","_exactmetrics_sitenote_category":0,"_monsterinsights_skip_tracking":false,"_monsterinsights_sitenote_active":false,"_monsterinsights_sitenote_note":"","_monsterinsights_sitenote_category":0,"footnotes":""},"class_list":["post-5607","page","type-page","status-publish","hentry"],"aioseo_notices":[],"_links":{"self":[{"href":"https:\/\/boule-im-rheingau.de\/index.php?rest_route=\/wp\/v2\/pages\/5607","targetHints":{"allow":["GET"]}}],"collection":[{"href":"https:\/\/boule-im-rheingau.de\/index.php?rest_route=\/wp\/v2\/pages"}],"about":[{"href":"https:\/\/boule-im-rheingau.de\/index.php?rest_route=\/wp\/v2\/types\/page"}],"author":[{"embeddable":true,"href":"https:\/\/boule-im-rheingau.de\/index.php?rest_route=\/wp\/v2\/users\/1"}],"replies":[{"embeddable":true,"href":"https:\/\/boule-im-rheingau.de\/index.php?rest_route=%2Fwp%2Fv2%2Fcomments&post=5607"}],"version-history":[{"count":4,"href":"https:\/\/boule-im-rheingau.de\/index.php?rest_route=\/wp\/v2\/pages\/5607\/revisions"}],"predecessor-version":[{"id":12898,"href":"https:\/\/boule-im-rheingau.de\/index.php?rest_route=\/wp\/v2\/pages\/5607\/revisions\/12898"}],"up":[{"embeddable":true,"href":"https:\/\/boule-im-rheingau.de\/index.php?rest_route=\/wp\/v2\/pages\/39"}],"wp:attachment":[{"href":"https:\/\/boule-im-rheingau.de\/index.php?rest_route=%2Fwp%2Fv2%2Fmedia&parent=5607"}],"curies":[{"name":"wp","href":"https:\/\/api.w.org\/{rel}","templated":true}]}}