{"id":5530,"date":"2014-10-03T15:37:28","date_gmt":"2014-10-03T13:37:28","guid":{"rendered":"\/\/boule-im-rheingau.de\/?page_id=5530"},"modified":"2023-12-31T12:09:07","modified_gmt":"2023-12-31T11:09:07","slug":"rheingau-wintermasters-20142015","status":"publish","type":"page","link":"https:\/\/boule-im-rheingau.de\/?page_id=5530","title":{"rendered":"RHEINGAU-Wintermasters 2014\/2015"},"content":{"rendered":"<p><a class=\"thickbox\" href=\"wp-content\/bilder\/Boulescheune-aussen-550.jpg\"><img loading=\"lazy\" decoding=\"async\" src=\"wp-content\/bilder\/Boulescheune-240.jpg\" alt=\"\" width=\"240\" height=\"158\" align=\"left\" border=\"0\" hspace=\"10\" \/><\/a>Die RHEINGAU &#8211; Wintermasters 2014\/2015 sind mit zehn Nachmittagsturnieren die Neuauflage der erfolgreichen Turnierserie aus der vergangenen Wintersaison. Sie bietet den Rheingauer Boulespielern und ihren G\u00e4sten die M\u00f6glichkeit, \u00fcber den Winter eine lokale, durchlaufende Turnierserie zu spielen. Neben relativ kurzen Anfahrtswegen (zumindest f\u00fcr die Mehrzahl der Teilnehmer) bietet der Turniermodus nach den Erfahrungen der Vorjahre einen gesicherten und \u00fcberschaubaren Zeitrahmen (im Vorjahr waren wir immer vor 21:00 Uhr fertig, obwohl immer alle Finalspiele zu Ende gespielt wurden).<\/p>\n<p>Zwischen November 2014 und M\u00e4rz 2015 werden an zehn Samstagen (je zwei pro Monat) jeweils abgeschlossene Turniere gespielt, f\u00fcr die \u00fcber alle Turniere hinweg eine Gesamtwertung f\u00fcr Einzelspieler gef\u00fchrt wird. An jedem Turniertag werden die vier erfolgreichsten Formationen als Tagessieger geehrt und belohnt. Am Ende der Turnierserie werden Ende M\u00e4rz 2015 die vier erfolgreichsten Spieler der RHEINGAU &#8211; Wintermasters ausgezeichnet.<\/p>\n<p><span style=\"color: #ff6600;\"><strong>Hier vorweg eine Anfahrtsbeschreibung zur Boulescheune Nothgottes:<\/strong><\/span><\/p>\n<p><span style=\"color: #ff6600;\">Die Boulescheune Nothgottes erreicht man mit dem Auto von Wiesbaden \/ Geisenheim auf der B42 kommend, indem man bei der ersten M\u00f6glichkeit nach dem Ortseingang R\u00fcdesheim rechts abbiegt und der sehr guten Ausschilderung &#8222;Nothgottes&#8220; bzw. &#8222;Windeck\/Trift&#8220; folgt. Im R\u00fcdesheimer Ortsteil Windeck zweigt ein schmaler Zufahrtsweg durch den Wald in Richtung Nothgottes \/ Boulescheune ab. Dem Weg folgt man bis zu dessen Ende um das Kloster herum. Am Ende des aspaltierten Wees befindet sich auf der rechten Seite die Boulescheune (ausgeschildert). <strong>Achtung:<\/strong> Nach der Kurve um das Kloster befinden sich auf dem Weg zwei heftige Querrinnen, die man unbedingt im Schritttempo \u00fcberfahren sollte.\u00a0 Geparkt wird entlang des Weges. Bitte so parken, dass ein gro\u00dfer Bus durchkommt (Bewohnertransport) oder auch im Notfall ein gro\u00dfes Feuerwehrfahrzeug.<br \/>\n<strong>Bitte nicht im Hof parken!!!<\/strong><\/span><\/p>\n<p>Die Termine f\u00fcr die Wintermasters 2014\/2015:<\/p>\n<table>\n<colgroup>\n<col span=\"1\" width=\"150\" \/>\n<col \/> <\/colgroup>\n<tbody>\n<tr>\n<td style=\"text-align: right;\"><span style=\"color: #339966;\">15. Nov. 2014<\/span><\/td>\n<\/tr>\n<tr>\n<td style=\"text-align: right;\"><span style=\"color: #339966;\">29. Nov. 2014<\/span><\/td>\n<\/tr>\n<tr>\n<td style=\"text-align: right; color: #339966;\">13. Dez. 2014<\/td>\n<\/tr>\n<tr>\n<td style=\"text-align: right; color: #339966;\">27. Dez. 2014<\/td>\n<\/tr>\n<tr>\n<td style=\"text-align: right; color: #339966;\">10. Jan. 2015<\/td>\n<\/tr>\n<tr>\n<td style=\"text-align: right;\">24. Jan 2015<\/td>\n<\/tr>\n<tr>\n<td style=\"text-align: right;\">7. Feb. 2015<\/td>\n<\/tr>\n<tr>\n<td style=\"text-align: right;\">21. Feb. 2015<\/td>\n<\/tr>\n<tr>\n<td style=\"text-align: right;\">7. M\u00e4rz. 2015<\/td>\n<\/tr>\n<tr>\n<td style=\"text-align: right;\">21. M\u00e4rz 2015<\/td>\n<\/tr>\n<\/tbody>\n<\/table>\n<p>Spielbeginn jeweils 14:00 Uhr.<\/p>\n<p>F\u00fcr die Teilnahme an einem Turnier der REINGAU-Wintermasters ist unbedingt eine Anmeldung per eMail (an wintermasters@boule-im-rheingau.de ) erforderlich. Anmeldeschluss ist jeweils der <strong>Freitag<\/strong> vor dem Turniertag bis sp\u00e4testens <strong>18:00 Uhr. <\/strong> Nur so k\u00f6nnen wir sicherstellen, dass die Auslosung aller Teams und der Begegnungen der Vorrunde zum Turnierbeginn bereits vorliegt und die Spiele p\u00fcnktlich um 14:00 Uhr beginnen.<\/p>\n<p>An jedem Spieltag spielen bis zu zw\u00f6lf Teams (Doublette mel\u00e9e) um den Tagessieg. Nach einer Vorrunde mit drei frei gelosten Spielrunden ermitteln die bestplatzieren Teams der Vorrunde im KO-System die Sieger des Turniertages. Jedem Team sind auf diese Weise mindestens drei Spiele garantiert. <a href=\"wp-content\/dateien\/Rheingau-Wintermasters-2014.pdf\" target=\"_blank\" rel=\"noopener noreferrer\">Die Turnierausschreibung mit den Terminen findet Ihr hier<\/a>. Mit weiteren Terminen von Hallenturnieren im Winterhalbjahr abzugleichen ist aus praktischen Gr\u00fcnden leider nicht m\u00f6glich. Hier zeigt allerdings die Erfahrung der vergangenen Jahre, dass dies nicht wirklich von wesentlicher Bedeutung ist.<\/p>\n<p>Wie wird f\u00fcr die Gesamtwertung gewertet? Ganz einfach! \u00c4hnlich wie in der Formel 1:<\/p>\n<p>Tagessieger = 10 Punkte<br \/>\n2. Platz = 8 Punkte<br \/>\n3. Platz (2 Teams= unterlegen im Halbfinale) = 6 Punkte<br \/>\n5. Platz (Verlierer der 1. KO-Runde) = 3 Punkte<\/p>\n<p><a href=\"wp-content\/dateien\/WM-2014-Gesamtwertung-10.pdf\" target=\"_blank\" rel=\"noopener noreferrer\">Hier die Abschlusstabelle der Gesamtwertung f\u00fcr die RHEINGAU Wintermasters 2014\/2015 nach dem 10. Turniertag am 21.3.2015.<\/a><\/p>\n<p><span style=\"color: #339966;\"><strong>Erg\u00e4nzungen im Turnierablauf\/-modus f\u00fcr die Serie 2014\/2015:<\/strong><\/span><\/p>\n<p><span style=\"color: #339966;\">Man sammelt Erfahrungen und zieht daraus Schl\u00fcsse. Im wesentlichen hat sich der Turniermodus der Wintermasters bew\u00e4hrt und wird positiv beurteilt. Die nachfolgenden Erg\u00e4nzungen wurden bereits im Laufe der vorj\u00e4hrigen Serie eingef\u00fchrt und haben sich bew\u00e4hrt:<\/span><\/p>\n<p><span style=\"color: #339966;\">Im Turnierablauf wird versucht, Freilose und sonstige l\u00e4ngere Wartezeiten zu vermeiden (keine Barrage oder Cadrage). Es bleibt deshalb bei einer maximalen Teilnehmerzahl von 24 Personen ( = 12 Teams = 6 Spiele zeitgleich auf 6 vorhandenen Bahnen).<\/span><\/p>\n<p><span style=\"color: #339966;\">Bei weniger als 12 angemeldeten Teilnehmern (&lt; 6 Teams) wird kein Turnier gespielt. Eine Wertung w\u00e4re im Hinblick auf die Gesamtwertung nicht gerecht. Au\u00dferdem w\u00e4re der organisatorische Aufwand unangemessen hoch. (Die Absage erfolgt per eMail an alle angemeldeten Teilnehmer)<br \/>\n<\/span><\/p>\n<p><span style=\"color: #339966;\">Ab 10 teilnehmenden Teams erreichen die 8 bestplatzierten Teams der Vorrunde die Finalrunde im KO-System. Bei 6 oder 8 teilnehmenden Teams erreichen nur die 4 bestplatzierten Teams die Finalrunde. Es wird dann also gleich das Halbfinale gespielt. Damit wird ausgeschlossen, dass bei geringer Teilnehmerzahl in der Vorrunde sieglose Teams die Finalrunde erreichen.<br \/>\n<\/span><\/p>\n<p><span style=\"color: #339966;\">Der fr\u00fche Anmeldeschluss am Freitagabend f\u00f6rdert das Bestreben, immer eine gerade Zahl von Teams zu bilden (kein Freilos). So wird entweder versucht, das Teilnehmerfeld noch aufzuf\u00fcllen (Telefonakquisition) oder aber die zuletzt angemeldeten Teilnehmer den Teams mit der h\u00f6chsten gelosten Teamnummer zuzuordnen und so eine oder zwei Tripletteformationen zu bilden.<\/span><\/p>\n<p>Wir freuen uns auf Euch und hoffen auf viele sch\u00f6ne Spiele und nette Turniernachmittage<\/p>\n<p><strong><span style=\"color: #339966;\">Die aktuelle Liste der zum jeweiligen Turnier vorliegenden Anmeldungen ist unter dem betreffenden Termineintrag im Terminkalender zu ersehen.<\/span><\/strong><\/p>\n<p>Anmeldungen <span style=\"text-decoration: underline;\">schriftlich<\/span> per eMail unbedingt nur an wintermasters@boule-im-rheingau.de &#8211; Anmeldeschluss: jeweils Freitag &#8211; 18:00 Uhr.<\/p>\n<p><strong><span style=\"color: #ff0000;\">Bitte beachten!<\/span><\/strong><br \/>\n<strong><span style=\"color: #ff0000;\"> Wir waren etwas \u00fcberrascht, als wir die ersten Anmeldungen f\u00fcr alle Turniere der Saison erhielten. Wir sahen allerdings auch keinen Grund, diese landgfristigen Anmeldungen nicht anzunehmen, in der Hoffnung, dass die Teilnahmem\u00f6glichkeit hinreichend abgekl\u00e4rt ist. Sollte allerdings kurzfristig eine Teilnahme nicht m\u00f6glich sein (z.B. wegen Erkrankung, was hoffentlich nicht vorkommt), dann bitten wir um eine kurze Nachricht per eMail, damit wir den Platz ggf. an einen anderen Mitspieler auf der internen Warteliste vergeben k\u00f6nnen. Vielen Dank!<\/span><\/strong><\/p>\n<p>In dieser Wintersaison zeichnen f\u00fcr Organisation und Durchf\u00fchrung der RHEINGAU-Wintermasters verantwortlich: Bart King und Reiner Kitzmann. Und hier geht es zur <a href=\"wp-content\/dateien\/Einsatzplan-Winter2014-15.pdf\" target=\"_blank\" rel=\"noopener noreferrer\">Helferliste f\u00fcr die Veranstaltungen der Wintersaison 2014\/15<\/a><\/p>\n","protected":false},"excerpt":{"rendered":"<p>Die RHEINGAU &#8211; Wintermasters 2014\/2015 sind mit zehn Nachmittagsturnieren die Neuauflage der erfolgreichen Turnierserie aus der vergangenen Wintersaison. Sie bietet den Rheingauer Boulespielern und ihren G\u00e4sten die M\u00f6glichkeit, \u00fcber den Winter eine lokale, durchlaufende Turnierserie zu spielen. Neben relativ kurzen Anfahrtswegen (zumindest f\u00fcr die Mehrzahl der Teilnehmer) bietet der Turniermodus nach den Erfahrungen der Vorjahre [&hellip;]<\/p>\n","protected":false},"author":1,"featured_media":0,"parent":6706,"menu_order":17,"comment_status":"open","ping_status":"open","template":"","meta":{"_exactmetrics_skip_tracking":false,"_exactmetrics_sitenote_active":false,"_exactmetrics_sitenote_note":"","_exactmetrics_sitenote_category":0,"_monsterinsights_skip_tracking":false,"_monsterinsights_sitenote_active":false,"_monsterinsights_sitenote_note":"","_monsterinsights_sitenote_category":0,"footnotes":""},"class_list":["post-5530","page","type-page","status-publish","hentry"],"aioseo_notices":[],"_links":{"self":[{"href":"https:\/\/boule-im-rheingau.de\/index.php?rest_route=\/wp\/v2\/pages\/5530","targetHints":{"allow":["GET"]}}],"collection":[{"href":"https:\/\/boule-im-rheingau.de\/index.php?rest_route=\/wp\/v2\/pages"}],"about":[{"href":"https:\/\/boule-im-rheingau.de\/index.php?rest_route=\/wp\/v2\/types\/page"}],"author":[{"embeddable":true,"href":"https:\/\/boule-im-rheingau.de\/index.php?rest_route=\/wp\/v2\/users\/1"}],"replies":[{"embeddable":true,"href":"https:\/\/boule-im-rheingau.de\/index.php?rest_route=%2Fwp%2Fv2%2Fcomments&post=5530"}],"version-history":[{"count":1,"href":"https:\/\/boule-im-rheingau.de\/index.php?rest_route=\/wp\/v2\/pages\/5530\/revisions"}],"predecessor-version":[{"id":14187,"href":"https:\/\/boule-im-rheingau.de\/index.php?rest_route=\/wp\/v2\/pages\/5530\/revisions\/14187"}],"up":[{"embeddable":true,"href":"https:\/\/boule-im-rheingau.de\/index.php?rest_route=\/wp\/v2\/pages\/6706"}],"wp:attachment":[{"href":"https:\/\/boule-im-rheingau.de\/index.php?rest_route=%2Fwp%2Fv2%2Fmedia&parent=5530"}],"curies":[{"name":"wp","href":"https:\/\/api.w.org\/{rel}","templated":true}]}}