{"id":44,"date":"2008-01-28T21:02:12","date_gmt":"2008-01-28T20:02:12","guid":{"rendered":"\/\/boule-im-rheingau.de\/?page_id=44"},"modified":"2023-06-29T15:27:01","modified_gmt":"2023-06-29T13:27:01","slug":"fundsachen","status":"publish","type":"page","link":"https:\/\/boule-im-rheingau.de\/?page_id=44","title":{"rendered":"Fundsachen"},"content":{"rendered":"<p>Hier gibt es eine Sammlung von Fundsachen rund um das Thema &#8222;Boule&#8220;.<br \/>\nDie Fundsachen wurden teilweise auf diese Seite kopiert, um den Betreibern der Fundseiten keinen zus\u00e4tzlichen Datenverkehr aufzub\u00fcrden. Selbstverst\u00e4ndlich sind die Fundquellen korrekt angegeben und Sie werden sicher mit einem Besuch dort \u00a0die Verfasser w\u00fcrdigen.<\/p>\n<p>&#8222;Ich bin so froh, dass ich bei mir in der Mannschaft bin.&#8220;<\/p>\n<p><em>aus der Erinnerung von der ehemaligen Website des<br \/>\n1. P\u00e9tanque\u00a0Club &#8222;Les Amis de Boule&#8220; Wachenheim<\/em><\/p>\n<h4><a href=\"\/wp-content\/dateien\/Putzlappen.html\" target=\"_blank\" rel=\"noopener noreferrer\">M\u00e4nner mit Putzlappen &#8211; Die wahre Wahrheit \u00fcber P\u00e9tanque\u00a0<\/a><\/h4>\n<p style=\"text-align: right;\"><em>gefunden bei <a href=\"http:\/\/www.ebc-koeln.de\" target=\"_blank\" rel=\"noopener noreferrer\">http:\/\/www.ebc-koeln.de<\/a>\u00a0<\/em><\/p>\n<p>HR2-Kultur: Boule in Bornheim<\/p>\n<p style=\"padding-left: 30px;\">In seiner Reihe &#8222;Hessen langsam&#8220; widmete sich im Jahr 2006 der Hessische Rundfunk auch dem Thema Boule. Der Autor Lionel van der Meulen kommt dabei zu folgendem Fazit:<\/p>\n<blockquote style=\"padding-left: 60px;\"><p>M\u00f6glichst nahe an eine kleine Holzkugel namens cochonnet heranzukommen: Das ist der Sinn des Lebens. Schopenhauer kann warten.<\/p><\/blockquote>\n<p style=\"padding-left: 30px;\">Nachzulesen ist der komplette bericht unter hr-online.de (leider ist der Bericht nicht mehr online &#8211; schade, aber jetzt wieder gefunden auf der Seite der Bornheim Boules, Frankfurt &#8211; unbedingt lesenswert!!). Hier wird Boule und vor allem werden die Boulespieler beschrieben, wie sie wirklich sind &#8211; wie im richtigen Leben.<\/p>\n<h4><a href=\"\/wp-content\/dateien\/Demokratie-oder-Hierarchie.pdf\" target=\"_blank\" rel=\"noopener noreferrer\">Demokratie oder Hierarchie beim P\u00e9tanque<\/a><\/h4>\n<p><a href=\"\/wp-content\/dateien\/Psychologie-beim-Petanque.pdf\" target=\"_blank\" rel=\"noopener noreferrer\">Psychologie beim P\u00e9tanque<\/a><\/p>\n<p style=\"text-align: right;\"><em>Beide Artikel stammen meines Wissens von J\u00fcrgen &#8222;Joppo&#8220; Albers<br \/>\ngefunden wurden Sie in Siggi&#8217;s Ecke<\/em><\/p>\n<h4>Pit Knorr\u00b4s 10 Gebote f\u00fcr den Leger<\/h4>\n<ol>\n<li>Du sollst Deine Kugeln in die N\u00e4he des Schweinchens bringen. Aber&#8230;<\/li>\n<li>Du sollst nicht sagen &#8222;wenigstens liegt sie im Weg&#8220;, wenn Deine Kugel mehr als drei Meter zu kurz ist.<\/li>\n<li>Du sollst nicht stundenlang die Bodenbeschaffenheit pr\u00fcfen und dann Deinem Tireur sagen &#8222;Schie\u00df!&#8220;.<\/li>\n<li>Du sollst nicht erst das Schwein werfen, dann an einer beliebigen Stelle Deiner Wahl einen Kreis ziehen und schlie\u00dflich auch noch \u00fcbertreten.<\/li>\n<li>Du sollst nicht sagen &#8222;Das kann ich besser&#8220;, wenn die gegnerische Kugel direkt an der Sau liegt.<\/li>\n<li>Du sollst weder hoch spielen unter niedrigen \u00c4sten noch flach in matschigem Gel\u00e4nde.<br \/>\nIn stehenden Gew\u00e4ssern aber sollst Du \u00fcberhaupt nicht spielen.<\/li>\n<li>Du sollst nicht weit daneben legen, nur weil Dein Tireur weit daneben schie\u00dft und dann auch noch glauben, das diene der mannschaftlichen Geschlossenheit.<\/li>\n<li>Du sollst nicht in den Kreis treten, allen Umstehenden Schweigen gebieten, dann in die Knie gehen, minutenlang meditieren oder gen Mekka beten und Dir schlie\u00dflich beim Wurf den Handr\u00fccken am Boden aufschrammen, da\u00df alles zu sp\u00e4t ist.<\/li>\n<li>Du sollst nicht l\u00fcgen. Jedenfalls nicht, wenn der Gegner Dir beim Messen zuschaut.<\/li>\n<li>Du sollst nicht das Spiel unterbrechen, wenn Du endlich eine gute Kugel gelegt hast, nur um Deinen Fotoapparat aus dem Auto zu holen. Auch solltest Du in diesem Falle nicht sofort Deine Frau oder Deine Mutter anrufen.<\/li>\n<\/ol>\n<h4>Pit Knorr\u00b4s 10 Gebote f\u00fcr den Tireur<\/h4>\n<ol>\n<li>Du sollst treffen. Aber&#8230;<\/li>\n<li>Du sollst nicht die eigene Kugel treffen und dann auch noch sagen &#8222;Besser als gar nichts&#8220;<\/li>\n<li>Du sollst nicht glauben, da\u00df es ger\u00e4uschlose Treffer gibt.<\/li>\n<li>Du sollst nicht mit geschlossenen Augen schie\u00dfen, nur weil Dein Leger gesagt hat &#8222;Die triffst Du doch im Schlaf&#8220;.<\/li>\n<li>Du sollst nicht jedesmal sagen &#8222;Zu kurz!&#8220;, wenn Du zu kurz geschossen hast. Wenn Du aber zu kurz geschossen hast und sagst &#8222;Zu lang&#8220;, ist das auch ziemlich bl\u00f6d.<\/li>\n<li>Du sollst nicht in Gedanken oder Worten die gegnerische Kugel zum Kriegsziel erkl\u00e4ren, lauthals einen Vernichtungsschlag ank\u00fcndigen und dann trotzdem daneben schie\u00dfen.<\/li>\n<li>Du sollst nicht erst in der grazi\u00f6sen Anmut und der Sch\u00f6nheit Deiner eigenen Bewegungen vergehen und am Ende doch nur &#8222;Schei\u00dfe!&#8220; br\u00fcllen.<\/li>\n<li>Du sollst nicht begehren Deines Legers Kugeln, wenn Du die eigenen mal wieder alle verschossen hast.<\/li>\n<li>Du sollst nicht mehr schie\u00dfen, wenn Dein Leger bereits den gegnerischen Tireur als Nachhilfe-Trainer f\u00fcr Dich engagieren will.<\/li>\n<li>Du sollst nicht H\u00e4ndesch\u00fctteln und Gl\u00fcckw\u00fcnsche entgegennehmen wollen, wenn Du endlich einmal getroffen hast. Auch Applaus, Blasmusik und eine Auftritt im Sportstudio sollst Du in diesem Falle nicht erwarten.<\/li>\n<\/ol>\n<p><em>Copyright by Pit Knorr (Mitglied des 1.FPC)<br \/>\nvon der Website des <a href=\"http:\/\/frankfurterpetanqueclub.wordpress.com\">1. Frankfurter P\u00e9tanque Club von 1980 e.V.<\/a><\/em><\/p>\n","protected":false},"excerpt":{"rendered":"<p>Hier gibt es eine Sammlung von Fundsachen rund um das Thema &#8222;Boule&#8220;. Die Fundsachen wurden teilweise auf diese Seite kopiert, um den Betreibern der Fundseiten keinen zus\u00e4tzlichen Datenverkehr aufzub\u00fcrden. Selbstverst\u00e4ndlich sind die Fundquellen korrekt angegeben und Sie werden sicher mit einem Besuch dort \u00a0die Verfasser w\u00fcrdigen. &#8222;Ich bin so froh, dass ich bei mir in [&hellip;]<\/p>\n","protected":false},"author":2,"featured_media":0,"parent":0,"menu_order":35,"comment_status":"open","ping_status":"open","template":"","meta":{"_exactmetrics_skip_tracking":false,"_exactmetrics_sitenote_active":false,"_exactmetrics_sitenote_note":"","_exactmetrics_sitenote_category":0,"_monsterinsights_skip_tracking":false,"_monsterinsights_sitenote_active":false,"_monsterinsights_sitenote_note":"","_monsterinsights_sitenote_category":0,"footnotes":""},"class_list":["post-44","page","type-page","status-publish","hentry"],"aioseo_notices":[],"_links":{"self":[{"href":"https:\/\/boule-im-rheingau.de\/index.php?rest_route=\/wp\/v2\/pages\/44","targetHints":{"allow":["GET"]}}],"collection":[{"href":"https:\/\/boule-im-rheingau.de\/index.php?rest_route=\/wp\/v2\/pages"}],"about":[{"href":"https:\/\/boule-im-rheingau.de\/index.php?rest_route=\/wp\/v2\/types\/page"}],"author":[{"embeddable":true,"href":"https:\/\/boule-im-rheingau.de\/index.php?rest_route=\/wp\/v2\/users\/2"}],"replies":[{"embeddable":true,"href":"https:\/\/boule-im-rheingau.de\/index.php?rest_route=%2Fwp%2Fv2%2Fcomments&post=44"}],"version-history":[{"count":1,"href":"https:\/\/boule-im-rheingau.de\/index.php?rest_route=\/wp\/v2\/pages\/44\/revisions"}],"predecessor-version":[{"id":13797,"href":"https:\/\/boule-im-rheingau.de\/index.php?rest_route=\/wp\/v2\/pages\/44\/revisions\/13797"}],"wp:attachment":[{"href":"https:\/\/boule-im-rheingau.de\/index.php?rest_route=%2Fwp%2Fv2%2Fmedia&parent=44"}],"curies":[{"name":"wp","href":"https:\/\/api.w.org\/{rel}","templated":true}]}}