{"id":38,"date":"2008-01-19T21:11:44","date_gmt":"2008-01-19T20:11:44","guid":{"rendered":"\/\/boule-im-rheingau.de\/?page_id=38"},"modified":"2019-10-08T18:53:19","modified_gmt":"2019-10-08T16:53:19","slug":"info-links","status":"publish","type":"page","link":"https:\/\/boule-im-rheingau.de\/?page_id=38","title":{"rendered":"Info-LINKs"},"content":{"rendered":"<p>Mit dieser Sammlung von LINK-Adressen m\u00f6chten wir interessante und erg\u00e4nzende Informationen zu den Themen dieser Seite f\u00fcr jeden leicht erreichbar machen. Die Inhalte der verlinkten Seiten verantworten die jeweiligen Betreiber. Wir bem\u00fchen uns, nur seri\u00f6se Seiten zu verlinken. Sollten unpassende oder nicht tragbare Inhalte auffallen, bitten wir um eine entsprechende Information &#8211; wir werden den betreffenden LINK schnellstm\u00f6glich entfernen. Sollten Sie einen zus\u00e4tzlichen LINK f\u00fcr n\u00fctzlich halten, bitten wir ebenfalls um eine Information.<br \/>\nHinweise und Vorschl\u00e4ge bis an admin (at) boule-im-rheingau.de<\/p>\n<p><span style=\"color: #008000;\"><strong>Verb\u00e4nde und befreundete Vereine<\/strong><\/span><\/p>\n\n<table id=\"tablepress-1\" class=\"tablepress tablepress-id-1\">\n<thead>\n<tr class=\"row-1\">\n\t<th class=\"column-1\">\u00b4L I N K<\/th><th class=\"column-2\">was steckt dahinter<\/th>\n<\/tr>\n<\/thead>\n<tbody class=\"row-striping\">\n<tr class=\"row-2\">\n\t<td class=\"column-1\"><a href=\"http:\/\/www.boule-rockenhausen.de\" target=\"_blank\">Boule-Freunde 'Le Cochonnet' 1986e.V. Rockenhausen<\/a><\/td><td class=\"column-2\">Die Webseite der Boulefreunde in der Nord-Pfalz, bei denen wir nicht nur im Sommer sondern auch imWinter (in der Halle) Turniere spielen k\u00f6nnen<\/td>\n<\/tr>\n<tr class=\"row-3\">\n\t<td class=\"column-1\"><a href=\"http:\/\/www.p\u00e9tanque-club-bad-kreuznach.de\/\" target=\"_blank\">P\u00e9tanque Club Bad Kreuznach<\/a><\/td><td class=\"column-2\">Boule im Oranienpark - mit dem traditionellen Turnier am Fronleichnamstag<\/td>\n<\/tr>\n<tr class=\"row-4\">\n\t<td class=\"column-1\"><a href=\"http:\/\/www.boule-Kurs.de\/\" target=\"_blank\">Boulekurse von Peter Latsch, Dauborn<\/a><\/td><td class=\"column-2\">Die Boulekurs-Seite von Peter Latsch, Dauborn<\/td>\n<\/tr>\n<\/tbody>\n<\/table>\n<!-- #tablepress-1 from cache -->\n<p>&nbsp;<\/p>\n<p><span style=\"color: #008000;\"><strong>Interessante Seiten aus der Welt des Boule und P\u00e9tanque<\/strong><\/span><\/p>\n\n<table id=\"tablepress-3\" class=\"tablepress tablepress-id-3\">\n<thead>\n<tr class=\"row-1\">\n\t<th class=\"column-1\">\u00b4L I N K<\/th><th class=\"column-2\">was steckt dahinter<\/th>\n<\/tr>\n<\/thead>\n<tbody class=\"row-striping\">\n<tr class=\"row-2\">\n\t<td class=\"column-1\"><a href=\"http:\/\/www.petanque-dpv.de\/\" target=\"_blank\">Deutscher P\u00e9tanque Verband e.V.<\/a><\/td><td class=\"column-2\">Der Deutsche Dachverband des P\u00e9tanque<\/td>\n<\/tr>\n<tr class=\"row-3\">\n\t<td class=\"column-1\"><a href=\"http:\/\/hessenpetanque.de\/\"target=\"_blank\">Hessischer Petanque Verband e.V.<\/a><\/td><td class=\"column-2\">Der Landesverband Hessen, zu dem auch die Boulespieler des Rheingau geh\u00f6ren<\/td>\n<\/tr>\n<\/tbody>\n<\/table>\n<!-- #tablepress-3 from cache -->\n","protected":false},"excerpt":{"rendered":"<p>Mit dieser Sammlung von LINK-Adressen m\u00f6chten wir interessante und erg\u00e4nzende Informationen zu den Themen dieser Seite f\u00fcr jeden leicht erreichbar machen. Die Inhalte der verlinkten Seiten verantworten die jeweiligen Betreiber. Wir bem\u00fchen uns, nur seri\u00f6se Seiten zu verlinken. Sollten unpassende oder nicht tragbare Inhalte auffallen, bitten wir um eine entsprechende Information &#8211; wir werden den [&hellip;]<\/p>\n","protected":false},"author":2,"featured_media":0,"parent":0,"menu_order":50,"comment_status":"open","ping_status":"open","template":"","meta":{"_exactmetrics_skip_tracking":false,"_exactmetrics_sitenote_active":false,"_exactmetrics_sitenote_note":"","_exactmetrics_sitenote_category":0,"_monsterinsights_skip_tracking":false,"_monsterinsights_sitenote_active":false,"_monsterinsights_sitenote_note":"","_monsterinsights_sitenote_category":0,"footnotes":""},"class_list":["post-38","page","type-page","status-publish","hentry"],"aioseo_notices":[],"_links":{"self":[{"href":"https:\/\/boule-im-rheingau.de\/index.php?rest_route=\/wp\/v2\/pages\/38","targetHints":{"allow":["GET"]}}],"collection":[{"href":"https:\/\/boule-im-rheingau.de\/index.php?rest_route=\/wp\/v2\/pages"}],"about":[{"href":"https:\/\/boule-im-rheingau.de\/index.php?rest_route=\/wp\/v2\/types\/page"}],"author":[{"embeddable":true,"href":"https:\/\/boule-im-rheingau.de\/index.php?rest_route=\/wp\/v2\/users\/2"}],"replies":[{"embeddable":true,"href":"https:\/\/boule-im-rheingau.de\/index.php?rest_route=%2Fwp%2Fv2%2Fcomments&post=38"}],"version-history":[{"count":0,"href":"https:\/\/boule-im-rheingau.de\/index.php?rest_route=\/wp\/v2\/pages\/38\/revisions"}],"wp:attachment":[{"href":"https:\/\/boule-im-rheingau.de\/index.php?rest_route=%2Fwp%2Fv2%2Fmedia&parent=38"}],"curies":[{"name":"wp","href":"https:\/\/api.w.org\/{rel}","templated":true}]}}