{"id":1594,"date":"2009-12-15T20:10:56","date_gmt":"2009-12-15T19:10:56","guid":{"rendered":"\/\/boule-im-rheingau.de\/?page_id=1594"},"modified":"2021-11-11T10:23:39","modified_gmt":"2021-11-11T09:23:39","slug":"kontakt-nachricht-2","status":"publish","type":"page","link":"https:\/\/boule-im-rheingau.de\/?page_id=1594","title":{"rendered":"Kontakt \/ Nachricht"},"content":{"rendered":"<p>Liebe Besucher dieser Webseite,<\/p>\n<p>Sie haben eine Frage, eine Anregung oder einen Hinweis?<br \/>\nSie k\u00f6nnen uns gerne eine Nachricht zukommen lassen. Wenn Sie wollen, k\u00f6nnen Sie auch eine Datei in einem der g\u00e4ngigen Formate (Text, Bild, PDF, Musik) anf\u00fcgen.<\/p>\n<p><em>Wir versuchen seit Monaten eine fehlerfreie Version eines Kontaktformulars zu installieren. Leider ohne Erfolg. Das wesentliche Problem besteht darin, dass die in einem separaten Feld eingegebene eMail-Adresse des Anfragenden nicht an uns \u00fcbertragen wird. Deshalb war es uns nicht m\u00f6glich auf gestellte Fragen zu antworten. Das hat vermutlich viele Anfragende entt\u00e4uscht. Um das Thema jetzt ein f\u00fcr allemal zu l\u00f6sen, haben wir entschieden, auf ein Kontaktformular zu verzichten und bitten Sie Ihr Anliegen in einer ganz normalen eMail an<\/em><\/p>\n<p style=\"text-align: center;\"><strong><span style=\"color: #339966;\">BCR@Boule-im-Rheingau.de<\/span><\/strong><strong><code><\/code><\/strong><em><strong><code><br \/>\n<\/code><\/strong><\/em><\/p>\n<p><em>zu \u00fcbermitteln. Vielen Dank f\u00fcr Ihr Verst\u00e4ndnis.<\/em><\/p>\n","protected":false},"excerpt":{"rendered":"<p>Liebe Besucher dieser Webseite, Sie haben eine Frage, eine Anregung oder einen Hinweis? Sie k\u00f6nnen uns gerne eine Nachricht zukommen lassen. Wenn Sie wollen, k\u00f6nnen Sie auch eine Datei in einem der g\u00e4ngigen Formate (Text, Bild, PDF, Musik) anf\u00fcgen. Wir versuchen seit Monaten eine fehlerfreie Version eines Kontaktformulars zu installieren. Leider ohne Erfolg. Das wesentliche [&hellip;]<\/p>\n","protected":false},"author":1,"featured_media":0,"parent":0,"menu_order":25,"comment_status":"open","ping_status":"open","template":"","meta":{"_exactmetrics_skip_tracking":false,"_exactmetrics_sitenote_active":false,"_exactmetrics_sitenote_note":"","_exactmetrics_sitenote_category":0,"_monsterinsights_skip_tracking":false,"_monsterinsights_sitenote_active":false,"_monsterinsights_sitenote_note":"","_monsterinsights_sitenote_category":0,"footnotes":""},"class_list":["post-1594","page","type-page","status-publish","hentry"],"aioseo_notices":[],"_links":{"self":[{"href":"https:\/\/boule-im-rheingau.de\/index.php?rest_route=\/wp\/v2\/pages\/1594","targetHints":{"allow":["GET"]}}],"collection":[{"href":"https:\/\/boule-im-rheingau.de\/index.php?rest_route=\/wp\/v2\/pages"}],"about":[{"href":"https:\/\/boule-im-rheingau.de\/index.php?rest_route=\/wp\/v2\/types\/page"}],"author":[{"embeddable":true,"href":"https:\/\/boule-im-rheingau.de\/index.php?rest_route=\/wp\/v2\/users\/1"}],"replies":[{"embeddable":true,"href":"https:\/\/boule-im-rheingau.de\/index.php?rest_route=%2Fwp%2Fv2%2Fcomments&post=1594"}],"version-history":[{"count":14,"href":"https:\/\/boule-im-rheingau.de\/index.php?rest_route=\/wp\/v2\/pages\/1594\/revisions"}],"predecessor-version":[{"id":14449,"href":"https:\/\/boule-im-rheingau.de\/index.php?rest_route=\/wp\/v2\/pages\/1594\/revisions\/14449"}],"wp:attachment":[{"href":"https:\/\/boule-im-rheingau.de\/index.php?rest_route=%2Fwp%2Fv2%2Fmedia&parent=1594"}],"curies":[{"name":"wp","href":"https:\/\/api.w.org\/{rel}","templated":true}]}}