{"id":1469,"date":"2013-01-13T15:00:55","date_gmt":"2013-01-13T13:00:55","guid":{"rendered":"\/\/boule-im-rheingau.de\/?page_id=1469"},"modified":"2019-10-04T14:18:50","modified_gmt":"2019-10-04T12:18:50","slug":"rheingau-wintermasters","status":"publish","type":"page","link":"https:\/\/boule-im-rheingau.de\/?page_id=1469","title":{"rendered":"RHEINGAU Wintermasters 2012\/2013"},"content":{"rendered":"<p><a class=\"thickbox\" href=\"wp-content\/bilder\/Boulescheune-aussen-550.jpg\"><img loading=\"lazy\" decoding=\"async\" src=\"wp-content\/bilder\/Boulescheune-240.jpg\" alt=\"\" width=\"240\" hspace=\"10\" height=\"158\" border=\"0\" align=\"left\"><\/a>Die RHEINGAU &#8211; Wintermasters 2012\/2013 sind nach neun Spieltagen am 23. M\u00e4rz zu Ende gegangen. Sie boten den Rheingauer Boulespielern und ihren G\u00e4sten die M\u00f6glichkeit, \u00fcber den Winter eine lokale, durchlaufende Turnierserie zu spielen. Zwischen November 2012 und M\u00e4rz 2013 wurden jeweils am 2. und 4. Samstag im Monat abgeschlossene Turniere gespielt, f\u00fcr die \u00fcber alle Turniere hinweg eine Gesamtwertung gef\u00fchrt wurde. An jedem Turniertag wurden die Tagessieger geehrt und belohnt. Am Ende der Turnierserie wurden Ende M\u00e4rz 2013 die vier erfolgreichsten Spieler der RHEINGAU &#8211; Wintermasters ausgezeichBoule-im-rheingau.net.<\/p>\n<p>An jedem Spieltag spielten zwischen sechs und zehn Teams (Doublette mel\u00e9e) um den Tagessieg. Nach einer Vorrunde mit drei frei gelosten Spielrunden ermittelten die bestplatzieren Teams der Vorrunde im KO-System die Sieger des Turniertages. Die Turnierausschreibung findet Ihr <a href=\"wp-content\/dateien\/Rheingau-Wintermasters-2012.pdf\" target=\"_blank\" rel=\"noopener noreferrer\">hier<\/a>.<\/p>\n<p>Nach dem 9. und letzten Turnier der Winterserie am 23. M\u00e4rz 2013 ergibt sich folgender <a href=\"wp-content\/dateien\/WM2012-Gesamtwertung-09.pdf\" target=\"_blank\" rel=\"noopener noreferrer\">Endstand in der Gesamtwertung<\/a>. Wie wurde f\u00fcr die Gesamtwertung gewertet? Ganz einfach! \u00c4hnlich wie in der Formel 1:<\/p>\n<p>Tagessieger = 10 Punkte<br \/>\n2. Platz = 8 Punkte<br \/>\n3. Platz (2 Teams= unterlegen im Halbfinale)&nbsp; = 6 Punkte<br \/>\n5. Platz (Verlierer der 1. KO-Runde)&nbsp; =&nbsp; 3 Punkte<\/p>\n<p><span style=\"color: #339966;\"><strong>Erg\u00e4nzungen im Turnierablauf\/-modus ab Januar 2013:<\/strong><\/span><\/p>\n<p><span style=\"color: #339966;\">Man sammelt Erfahrungen und zieht daraus Schl\u00fcsse. Im wesentlichen hat sich der Turniermodus der Wintermasters bew\u00e4hrt und wird positiv beurteilt. Ein paar kleine \u00c4nderungen sind aber dennoch inzwischen angeraten.<\/span><\/p>\n<p><span style=\"color: #339966;\">Im Turnierablauf wird weiterhin versucht, Freilose und sonstige l\u00e4ngere Wartezeiten zu vermeiden. Es bleibt deshalb bei einer maximalen Teilnehmerzahl von 24 Personen ( = 12 Teams = 6 Spiele auf 6 vorhandenen Bahnen).<\/span><\/p>\n<p><span style=\"color: #339966;\">Bei weniger als 12 angemeldeten Teilnehmern (&lt; 6 Teams) wird kein Turnier gespielt. Eine Wertung w\u00e4re im Hinblick auf die Gesamtwertung nicht gerecht. Au\u00dferdem w\u00e4re der organisatorische Aufwand unangemessen hoch. (Die Absage erfolgt per eMail an alle angemeldeten Teilnehmer)<br \/>\n<\/span><\/p>\n<p><span style=\"color: #339966;\">Ab 10 teilnehmenden Teams erreichen die 8 bestplatzierten Teams der Vorrunde die Finalrunde im KO-System ( wie bisher). Bei 6 oder 8 teilnehmenden Teams erreichen nur noch die 4 bestplatzierten Teams die Finalrunde (neu). Es wird dann also gleich das Halbfinale gespielt. Damit wird ausgeschlossen, dass bei geringer Teilnehmerzahl in der Vorrunde sieglose Teams die Finalrunde erreichen.<\/span><\/p>\n<p><span style=\"color: #339966;\">Der fr\u00fche Anmeldeschluss am Freitagabend f\u00f6rdert das Bestreben, immer eine gerade Zahl von Teams zu bilden (wie schon bisher, kein Freilos). So wird entweder versucht, das Teilnehmerfeld noch aufzuf\u00fcllen (Telefonakquisition) oder aber die zuletzt angemeldeten Teilnehmer den Teams mit der h\u00f6chsten gelosten Teamnummer zuzuordnen und so Tripletteformationen zu bilden.<\/span><\/p>\n<p><span style=\"color: #ff0000;\"><strong>Das letzte Turnier dieses Winters in der Boulescheune Nothgottes wurde am 23. M\u00e4rz 2013 gespielt. Ab Ostern spielen wir wieder im Freien, auf den verschiedenen Pl\u00e4tzen im Rheingau oder auf Turnieren bei Freunden links und rechts des Rheins oder irgendwo, wo man zusammen mit netten Menschen Kugeln werfen kann.<\/strong><\/span><\/p>\n<p><span style=\"color: #ff0000;\"><strong>Bis dahin, Tsch\u00fc\u00df und viele sch\u00f6ne Spiele.<\/strong><\/span><\/p>\n","protected":false},"excerpt":{"rendered":"<p>Die RHEINGAU &#8211; Wintermasters 2012\/2013 sind nach neun Spieltagen am 23. M\u00e4rz zu Ende gegangen. Sie boten den Rheingauer Boulespielern und ihren G\u00e4sten die M\u00f6glichkeit, \u00fcber den Winter eine lokale, durchlaufende Turnierserie zu spielen. Zwischen November 2012 und M\u00e4rz 2013 wurden jeweils am 2. und 4. Samstag im Monat abgeschlossene Turniere gespielt, f\u00fcr die \u00fcber [&hellip;]<\/p>\n","protected":false},"author":1,"featured_media":0,"parent":6706,"menu_order":19,"comment_status":"open","ping_status":"open","template":"","meta":{"_exactmetrics_skip_tracking":false,"_exactmetrics_sitenote_active":false,"_exactmetrics_sitenote_note":"","_exactmetrics_sitenote_category":0,"_monsterinsights_skip_tracking":false,"_monsterinsights_sitenote_active":false,"_monsterinsights_sitenote_note":"","_monsterinsights_sitenote_category":0,"footnotes":""},"class_list":["post-1469","page","type-page","status-publish","hentry"],"aioseo_notices":[],"_links":{"self":[{"href":"https:\/\/boule-im-rheingau.de\/index.php?rest_route=\/wp\/v2\/pages\/1469","targetHints":{"allow":["GET"]}}],"collection":[{"href":"https:\/\/boule-im-rheingau.de\/index.php?rest_route=\/wp\/v2\/pages"}],"about":[{"href":"https:\/\/boule-im-rheingau.de\/index.php?rest_route=\/wp\/v2\/types\/page"}],"author":[{"embeddable":true,"href":"https:\/\/boule-im-rheingau.de\/index.php?rest_route=\/wp\/v2\/users\/1"}],"replies":[{"embeddable":true,"href":"https:\/\/boule-im-rheingau.de\/index.php?rest_route=%2Fwp%2Fv2%2Fcomments&post=1469"}],"version-history":[{"count":0,"href":"https:\/\/boule-im-rheingau.de\/index.php?rest_route=\/wp\/v2\/pages\/1469\/revisions"}],"up":[{"embeddable":true,"href":"https:\/\/boule-im-rheingau.de\/index.php?rest_route=\/wp\/v2\/pages\/6706"}],"wp:attachment":[{"href":"https:\/\/boule-im-rheingau.de\/index.php?rest_route=%2Fwp%2Fv2%2Fmedia&parent=1469"}],"curies":[{"name":"wp","href":"https:\/\/api.w.org\/{rel}","templated":true}]}}