{"id":14609,"date":"2024-09-26T16:11:21","date_gmt":"2024-09-26T14:11:21","guid":{"rendered":"https:\/\/boule-im-rheingau.de\/?page_id=14609"},"modified":"2025-03-15T22:53:42","modified_gmt":"2025-03-15T21:53:42","slug":"rheingau-wintermasters-2019-2020-termine-anmeldung-ergebnisse-helferliste-2-2-2","status":"publish","type":"page","link":"https:\/\/boule-im-rheingau.de\/?page_id=14609","title":{"rendered":"RHEINGAU Wintermasters 2024\/2025 \u2013  Termine \u2013 Anmeldung \u2013 Ergebnisse \u2013 Helferliste"},"content":{"rendered":"\n<p><strong>Die Termine f\u00fcr die Wintermasters 2024\/2025:<\/strong> <\/p>\n\n\n\n<table id=\"tablepress-80\" class=\"tablepress tablepress-id-80\">\n<thead>\n<tr class=\"row-1\">\n\t<th class=\"column-1\">Spielrunde<\/th><th class=\"column-2\">Termin<\/th><th class=\"column-3\">Anmelde-Beginn<\/th><th class=\"column-4\">Anmelde-Ende<\/th><td class=\"column-5\"><\/td>\n<\/tr>\n<\/thead>\n<tbody class=\"row-striping row-hover\">\n<tr class=\"row-2\">\n\t<td class=\"column-1\">01<\/td><td class=\"column-2\">Sa. 09.11.2024 12:00<\/td><td class=\"column-3\">So 27.10.2024 10:00<\/td><td class=\"column-4\">Fr. 08.11.2024 18:00<\/td><td class=\"column-5\"><\/td>\n<\/tr>\n<tr class=\"row-3\">\n\t<td class=\"column-1\">02<\/td><td class=\"column-2\">Sa. 23.11.2024 12:00<\/td><td class=\"column-3\">So. 10.11.2024 10:00<\/td><td class=\"column-4\">Fr. 22.11.2024 18:00<\/td><td class=\"column-5\"><\/td>\n<\/tr>\n<tr class=\"row-4\">\n\t<td class=\"column-1\">03<\/td><td class=\"column-2\">Sa. 07.12.2024 12:00<\/td><td class=\"column-3\">So. 24.11.2024 10:00<\/td><td class=\"column-4\">Fr. 06.12.2024 18:00<\/td><td class=\"column-5\"><\/td>\n<\/tr>\n<tr class=\"row-5\">\n\t<td class=\"column-1\">04<\/td><td class=\"column-2\">Sa. 21.12.2024 12:00<\/td><td class=\"column-3\">So. 08.12.2024 10:00<\/td><td class=\"column-4\">Fr. 20.12.2024 18:00<\/td><td class=\"column-5\"><\/td>\n<\/tr>\n<tr class=\"row-6\">\n\t<td class=\"column-1\">05<\/td><td class=\"column-2\">Sa. 04.01.2025 12:00<\/td><td class=\"column-3\">So. 22.12.2024 10:00<\/td><td class=\"column-4\">Fr. 03.01.2025 18:00<\/td><td class=\"column-5\"><\/td>\n<\/tr>\n<tr class=\"row-7\">\n\t<td class=\"column-1\">06<\/td><td class=\"column-2\">Sa. 18.01.2025 12:00<\/td><td class=\"column-3\">So. 05.01.2025 10:00<\/td><td class=\"column-4\">Fr. 17.01.2025 18:00<\/td><td class=\"column-5\"><\/td>\n<\/tr>\n<tr class=\"row-8\">\n\t<td class=\"column-1\">07<\/td><td class=\"column-2\">Sa. 01.02.2025 12:00<\/td><td class=\"column-3\">So. 19.01.2025 10:00<\/td><td class=\"column-4\">Fr. 31.01.2025 18:00<\/td><td class=\"column-5\"><\/td>\n<\/tr>\n<tr class=\"row-9\">\n\t<td class=\"column-1\">08<\/td><td class=\"column-2\">Sa. 15.02.2025 12:00<\/td><td class=\"column-3\">So. 02.02.2025 10:00<\/td><td class=\"column-4\">Fr. 14.02.2025 18:00<\/td><td class=\"column-5\"><\/td>\n<\/tr>\n<tr class=\"row-10\">\n\t<td class=\"column-1\">09<\/td><td class=\"column-2\">Sa. 01.03.2025 12:00<\/td><td class=\"column-3\">So. 16.02.2025 10:00<\/td><td class=\"column-4\">Fr. 28.02.2025 18:00<\/td><td class=\"column-5\"><\/td>\n<\/tr>\n<tr class=\"row-11\">\n\t<td class=\"column-1\">10<\/td><td class=\"column-2\">Sa. 15.03.2025 12:00<\/td><td class=\"column-3\">So. 02.03.2025 10:00<\/td><td class=\"column-4\">Fr. 14.03.2025 18:00<\/td><td class=\"column-5\"><\/td>\n<\/tr>\n<\/tbody>\n<\/table>\n<!-- #tablepress-80 from cache -->\n\n\n\n<p>\nF\u00fcr Essen und Trinken ist gesorgt: Ein warmer Eintopf,&nbsp; Gl\u00fchwein der \nSaison (darf im Rheingau nicht fehlen), Kaffee und Kuchen \u2013 da kann man \nes sich bei sehr moderaten Preisen gut gehen lassen.\n\n<\/p>\n\n\n\n<hr class=\"wp-block-separator has-css-opacity is-style-wide\"\/>\n\n\n\n<p class=\"has-text-align-center has-medium-font-size\"><br><strong> Spielbeginn jeweils 12:00 Uhr&nbsp; !!!<\/strong><\/p>\n\n\n\n<p class=\"has-text-align-center\"><strong><a href=\"https:\/\/boule-im-rheingau.de\/?page_id=6758\">Turniermodus<\/a><\/strong><\/p>\n\n\n\n<hr class=\"wp-block-separator has-css-opacity is-style-wide\"\/>\n\n\n\n<p class=\"has-text-align-center\"><strong>Anmeldungen nur schriftlich per eMail und unbedingt nur an<br> <\/strong><a href=\"mailto:wintermasters@boule-im-rheingau.de?subject=Anmeldung%20Wintermastersturnier\" title=\"\"><strong>wintermasters@boule-im-rheingau.de <\/strong><\/a><strong> <\/strong><br><strong>Pro eMail bitte maximal zwei Personen anmelden<\/strong>!<\/p>\n\n\n\n<ul class=\"wp-block-list\">\n<li> Anmeldungen: <strong>ab Sonntag 10.00 Uhr nach dem letzten Turniertag<\/strong>           <\/li>\n\n\n\n<li> Anmeldeschluss: <strong>jeweils Freitag vor dem n\u00e4chsten Turniertag \u2013 18:00 Uhr.<\/strong><br>       <\/li>\n<\/ul>\n\n\n\n<p>Au\u00dferhalb des Anmeldezeitraums eingehende Anmeldungen werden nicht angenommen. Korrekt eingegangene Anmeldungen werden ab 16 Uhr am ersten Anmeldetag in der Anmeldetabelle unter dem Termineintrag f\u00fcr das betreffende Turnier eingetragen und ver\u00f6ffentlicht. Mit der Beschr\u00e4nkung des Anmeldezeitraums kommen wir einem vielfach  ge\u00e4u\u00dferten Wunsch nach und geben so jedem Interessierten die Chance, an einem Turnier  teilzunehmen. Durch die Vorabanmeldung entf\u00e4llt die Einschreibung am  Turniertag und wir k\u00f6nnen bereits die Auslosung und Erstellung des  Spielplans vornehmen. So k\u00f6nnen die Spiele p\u00fcnktlich um 12:00 Uhr  beginnen. <\/p>\n\n\n\n<p class=\"has-text-align-center\"><strong>F\u00fcr jedes Turnier werden 24 feste Teilnehmeranmeldungen <\/strong><br><strong>(= 12 Doubletteteams) angenommen!<\/strong> <\/p>\n\n\n\n<p class=\"has-text-align-left has-dark-gray-color has-text-color has-medium-font-size\"><strong>seit 2022<\/strong>\/<strong>23<\/strong>:<\/p>\n\n\n\n<p><strong>Falls am jeweils ersten Anmeldetag bis 15 Uhr mehr als 24 Teilnehmeranmeldungen eingegangen sind, werden die bis zu diesem Zeitpunkt eingegangenen Anmeldungen einem Losverfahren zugef\u00fchrt. Darin werden die Teilnehmer nach folgenden Pr\u00e4missen ausgelost:<\/strong><\/p>\n\n\n\n<p><strong>Das Orga-Team des BC Rheingau wird nicht ausgelost und erh\u00e4lt nach Anmeldung automatisch einen Startplatz.<\/strong><\/p>\n\n\n\n<p><strong>Die eingetragenen Helfer f\u00fcr Suppe und Kuchen werden nicht ausgelost und erhalten nach Anmeldung automatisch einen Startplatz.<\/strong><\/p>\n\n\n\n<p><strong>Wem es beim letzten Turniertag nicht m\u00f6glich war von der Warteliste ins Teilnehmerfeld nachzur\u00fccken, erh\u00e4lt automatisch einen Startplatz f\u00fcr das kommende Turnier, sofern die Anmeldung rechtzeitig bis 15 Uhr am ersten Anmeldetag eingegangen ist.<\/strong><\/p>\n\n\n\n<p><strong>Korrekt eingegangene Anmeldungen (Adresse) genie\u00dfen im Losverfahren Priorit\u00e4t 1, nicht korrekt eingegangene Anmeldungen bekommen Priorit\u00e4t 2, gelost wird nach Reihenfolge der Zufallszahlen.<\/strong><\/p>\n\n\n\n<p><strong>Gemeinsam (max 2) angemeldete Teilnehmer werden gemeinsam rein- oder rausgelost.<\/strong> <strong>In diesem Fall wird der Startplatz 24 reserviert f\u00fcr einen der beiden angemeldeten Teilnehmer. Das herausgeloste Paar wird bis auf weiteres als Res. 1&amp;2 in der Starterliste gef\u00fchrt.<\/strong><\/p>\n\n\n\n<p><strong>Nicht ausgeloste bzw. sp\u00e4ter eingehende Anmeldungen werden in einer Warteliste gef\u00fchrt<\/strong><\/p>\n\n\n\n<p>Sollte eine Teilnahme z.B.  wegen Erkrankung etc. nicht m\u00f6glich sein, bitten wir um  eine Nachricht per eMail oder Telefon, damit wir den Platz an einen  Mitspieler auf der Warteliste vergeben k\u00f6nnen. Ein Platz im Teilnehmerfeld ist pers\u00f6nlich nicht \u00fcbertragbar.<\/p>\n\n\n\n<p>Bei weniger als 12 angemeldeten Teilnehmern (&lt; 6 Teams) wird kein  Turnier gespielt. Eine Wertung w\u00e4re im Hinblick auf die Gesamtwertung  nicht gerecht. Au\u00dferdem w\u00e4re der organisatorische Aufwand unangemessen  hoch. (Die Absage erfolgt per eMail an alle angemeldeten Teilnehmer)<\/p>\n\n\n\n<p class=\"has-medium-font-size\"><strong>Der Stand der <a href=\"https:\/\/boule-im-rheingau.de\/wp-content\/uploads\/2025\/03\/Gesamtwertung-15-03-2025.pdf\" title=\"\">Gesamtwertung<\/a> der laufenden Turnierserie <\/strong><\/p>\n\n\n\n<ol class=\"wp-block-list\">\n<li><strong><a href=\"https:\/\/boule-im-rheingau.de\/wp-content\/uploads\/2024\/11\/Finalrund-9.11.2014.pdf\">Finalrunde WM 2024\/25<\/a><\/strong><\/li>\n\n\n\n<li><strong><a href=\"https:\/\/boule-im-rheingau.de\/wp-content\/uploads\/2024\/11\/Finalrunde-23.11.2014.pdf\">Finalrunde WM 2024\/25<\/a><\/strong><\/li>\n\n\n\n<li><strong><a href=\"https:\/\/boule-im-rheingau.de\/wp-content\/uploads\/2024\/12\/Finalrunde-07.12.2014.pdf\" title=\"\">Finalrunde WM 2024\/25<\/a><\/strong><\/li>\n\n\n\n<li><strong><a href=\"https:\/\/boule-im-rheingau.de\/wp-content\/uploads\/2024\/12\/Finalrunde-21-12-2024.pdf\" title=\"\">Finalrunde WM 2024\/25<\/a><\/strong><\/li>\n\n\n\n<li><strong><a href=\"https:\/\/boule-im-rheingau.de\/wp-content\/uploads\/2025\/01\/Finalrunde-04-01-2024.pdf\" title=\"\">Finalrunde WM 2024\/25<\/a><\/strong><\/li>\n\n\n\n<li><strong><a href=\"https:\/\/boule-im-rheingau.de\/wp-content\/uploads\/2025\/01\/Finalrunde-18-01-2025.xlsm-Schreibgeschuetzt.pdf\" title=\"\">Finalrunde WM 2024\/25<\/a><\/strong><\/li>\n\n\n\n<li><strong><a href=\"https:\/\/boule-im-rheingau.de\/wp-content\/uploads\/2025\/02\/Finalrunde-01-02-2025.pdf\" title=\"\">Finalrunde WM 2024\/25<\/a><\/strong><\/li>\n\n\n\n<li><strong><a href=\"https:\/\/boule-im-rheingau.de\/wp-content\/uploads\/2025\/02\/Finalrunde-15-02-2025.pdf\" title=\"\">Finalrunde WM 2024\/25<\/a><\/strong><\/li>\n\n\n\n<li><strong><a href=\"https:\/\/boule-im-rheingau.de\/wp-content\/uploads\/2025\/03\/Finalrunde-01-03-2025.pdf\" title=\"\">Finalrunde WM 2024\/25<\/a><\/strong><\/li>\n\n\n\n<li><strong><a href=\"https:\/\/boule-im-rheingau.de\/wp-content\/uploads\/2025\/03\/Finalrunde-15-03-2025.pdf\" title=\"\">Finalrunde WM 2024\/25<\/a><\/strong><\/li>\n<\/ol>\n\n\n\n<p><\/p>\n\n\n\n<p class=\"has-medium-font-size\"><strong>Teilnehmerliste f\u00fcr den :   <\/strong><\/p>\n\n\n[table \u201cxx\u201d not found \/]<br \/>\n\n\n\n\n<hr class=\"wp-block-separator has-css-opacity is-style-wide\"\/>\n\n\n<h2 id=\"tablepress-92-name\" class=\"tablepress-table-name tablepress-table-name-id-92\">Helferliste Wintermasters 2024\/25<\/h2>\n\n<table id=\"tablepress-92\" class=\"tablepress tablepress-id-92\" aria-labelledby=\"tablepress-92-name\">\n<thead>\n<tr class=\"row-1\">\n\t<th class=\"column-1\">Turnierdatum<\/th><th class=\"column-2\">Turnierleitung<\/th><th class=\"column-3\">Eintopf<\/th><th class=\"column-4\">Kuchen<\/th>\n<\/tr>\n<\/thead>\n<tbody class=\"row-striping row-hover\">\n<tr class=\"row-2\">\n\t<td class=\"column-1\">9.11.2024<\/td><td class=\"column-2\">Reiner<\/td><td class=\"column-3\">Petra<\/td><td class=\"column-4\">Marion &amp; Ingo M.K.<\/td>\n<\/tr>\n<tr class=\"row-3\">\n\t<td class=\"column-1\">23.11.2024<\/td><td class=\"column-2\">Volker<\/td><td class=\"column-3\">Sibylle<\/td><td class=\"column-4\">Petra<\/td>\n<\/tr>\n<tr class=\"row-4\">\n\t<td class=\"column-1\">7.12.2024<\/td><td class=\"column-2\">Reiner<\/td><td class=\"column-3\">Michael<\/td><td class=\"column-4\">Sibylle<\/td>\n<\/tr>\n<tr class=\"row-5\">\n\t<td class=\"column-1\">21.12.2024<\/td><td class=\"column-2\">Reiner<\/td><td class=\"column-3\">Gerhild<\/td><td class=\"column-4\">Doris &amp; Bart<\/td>\n<\/tr>\n<tr class=\"row-6\">\n\t<td class=\"column-1\">4.01.2025<\/td><td class=\"column-2\">Reiner<\/td><td class=\"column-3\">Heidrun<\/td><td class=\"column-4\">Sibylle<\/td>\n<\/tr>\n<tr class=\"row-7\">\n\t<td class=\"column-1\">18.01.2025<\/td><td class=\"column-2\">Reiner<\/td><td class=\"column-3\">Sibylle<\/td><td class=\"column-4\">Petra<\/td>\n<\/tr>\n<tr class=\"row-8\">\n\t<td class=\"column-1\">01.02.2025<\/td><td class=\"column-2\">Reiner<\/td><td class=\"column-3\">Petra<\/td><td class=\"column-4\">Heidrun<\/td>\n<\/tr>\n<tr class=\"row-9\">\n\t<td class=\"column-1\">15.02.2025<\/td><td class=\"column-2\">Reiner<\/td><td class=\"column-3\">Doris &amp; Bart<\/td><td class=\"column-4\">Doris &amp; Bart<\/td>\n<\/tr>\n<tr class=\"row-10\">\n\t<td class=\"column-1\">01.03.2025<\/td><td class=\"column-2\">Reiner<\/td><td class=\"column-3\">Petra<\/td><td class=\"column-4\">Marion &amp; Ingo<\/td>\n<\/tr>\n<tr class=\"row-11\">\n\t<td class=\"column-1\">15.03.2025<\/td><td class=\"column-2\">Reiner<\/td><td class=\"column-3\">Reiner<\/td><td class=\"column-4\">Petra<\/td>\n<\/tr>\n<\/tbody>\n<\/table>\n<!-- #tablepress-92 from cache -->\n","protected":false},"excerpt":{"rendered":"<p>Die Termine f\u00fcr die Wintermasters 2024\/2025: F\u00fcr Essen und Trinken ist gesorgt: Ein warmer Eintopf,&nbsp; Gl\u00fchwein der Saison (darf im Rheingau nicht fehlen), Kaffee und Kuchen \u2013 da kann man es sich bei sehr moderaten Preisen gut gehen lassen. Spielbeginn jeweils 12:00 Uhr&nbsp; !!! Turniermodus Anmeldungen nur schriftlich per eMail und unbedingt nur an wintermasters@boule-im-rheingau.de [&hellip;]<\/p>\n","protected":false},"author":266,"featured_media":0,"parent":6706,"menu_order":12,"comment_status":"closed","ping_status":"closed","template":"","meta":{"_exactmetrics_skip_tracking":false,"_exactmetrics_sitenote_active":false,"_exactmetrics_sitenote_note":"","_exactmetrics_sitenote_category":0,"_monsterinsights_skip_tracking":false,"_monsterinsights_sitenote_active":false,"_monsterinsights_sitenote_note":"","_monsterinsights_sitenote_category":0,"footnotes":""},"class_list":["post-14609","page","type-page","status-publish","hentry"],"aioseo_notices":[],"_links":{"self":[{"href":"https:\/\/boule-im-rheingau.de\/index.php?rest_route=\/wp\/v2\/pages\/14609","targetHints":{"allow":["GET"]}}],"collection":[{"href":"https:\/\/boule-im-rheingau.de\/index.php?rest_route=\/wp\/v2\/pages"}],"about":[{"href":"https:\/\/boule-im-rheingau.de\/index.php?rest_route=\/wp\/v2\/types\/page"}],"author":[{"embeddable":true,"href":"https:\/\/boule-im-rheingau.de\/index.php?rest_route=\/wp\/v2\/users\/266"}],"replies":[{"embeddable":true,"href":"https:\/\/boule-im-rheingau.de\/index.php?rest_route=%2Fwp%2Fv2%2Fcomments&post=14609"}],"version-history":[{"count":58,"href":"https:\/\/boule-im-rheingau.de\/index.php?rest_route=\/wp\/v2\/pages\/14609\/revisions"}],"predecessor-version":[{"id":15040,"href":"https:\/\/boule-im-rheingau.de\/index.php?rest_route=\/wp\/v2\/pages\/14609\/revisions\/15040"}],"up":[{"embeddable":true,"href":"https:\/\/boule-im-rheingau.de\/index.php?rest_route=\/wp\/v2\/pages\/6706"}],"wp:attachment":[{"href":"https:\/\/boule-im-rheingau.de\/index.php?rest_route=%2Fwp%2Fv2%2Fmedia&parent=14609"}],"curies":[{"name":"wp","href":"https:\/\/api.w.org\/{rel}","templated":true}]}}