{"id":13212,"date":"2022-09-24T13:59:24","date_gmt":"2022-09-24T11:59:24","guid":{"rendered":"https:\/\/boule-im-rheingau.de\/?page_id=13212"},"modified":"2023-12-31T12:04:36","modified_gmt":"2023-12-31T11:04:36","slug":"rheingau-wintermasters-2019-2020-termine-anmeldung-ergebnisse-helferliste-2","status":"publish","type":"page","link":"https:\/\/boule-im-rheingau.de\/?page_id=13212","title":{"rendered":"RHEINGAU Wintermasters 2022\/2023 \u2013  Termine \u2013 Anmeldung \u2013 Ergebnisse \u2013 Helferliste"},"content":{"rendered":"\n<p><strong>Die Termine f\u00fcr die Wintermasters 2022\/2023:<\/strong><\/p>\n\n\n[table \u201cxx\u201d not found \/]<br \/>\n\n\n\n\n<p>\nF\u00fcr Essen und Trinken ist gesorgt: Ein warmer Eintopf,&nbsp; Gl\u00fchwein der \nSaison (darf im Rheingau nicht fehlen), Kaffee und Kuchen \u2013 da kann man \nes sich bei sehr moderaten Preisen gut gehen lassen.\n\n<\/p>\n\n\n\n<hr class=\"wp-block-separator has-css-opacity is-style-wide\"\/>\n\n\n\n<p class=\"has-text-align-center has-medium-font-size\"><br><strong> Spielbeginn jeweils 12:00 Uhr&nbsp; !!!<\/strong><\/p>\n\n\n\n<p class=\"has-text-align-center\"><strong><a href=\"https:\/\/boule-im-rheingau.de\/?page_id=6758\">Turniermodus<\/a><\/strong><\/p>\n\n\n\n<hr class=\"wp-block-separator has-css-opacity is-style-wide\"\/>\n\n\n\n<p class=\"has-text-align-center\"><strong>Anmeldungen nur schriftlich per eMail und unbedingt nur an<br> wintermasters@boule-im-rheingau.de  <\/strong><br><strong>Pro eMail bitte maximal zwei Personen anmelden<\/strong>!<\/p>\n\n\n\n<ul class=\"wp-block-list\">\n<li> Anmeldungen: <strong>ab Sonntag 10.00 Uhr nach dem letzten Turniertag<\/strong>           <\/li>\n\n\n\n<li> Anmeldeschluss: <strong>jeweils Freitag vor dem n\u00e4chsten Turniertag \u2013 18:00 Uhr.<\/strong><br>       <\/li>\n<\/ul>\n\n\n\n<p>Au\u00dferhalb des Anmeldezeitraums eingehende Anmeldungen werden nicht angenommen. Korrekt eingegangene Anmeldungen werden ab 16 Uhr am ersten Anmeldetag in der Anmeldetabelle unter dem Termineintrag f\u00fcr das betreffende Turnier eingetragen und ver\u00f6ffentlicht. Mit der Beschr\u00e4nkung des Anmeldezeitraums kommen wir einem vielfach  ge\u00e4u\u00dferten Wunsch nach und geben so jedem Interessierten die Chance, an einem Turnier  teilzunehmen. Durch die Vorabanmeldung entf\u00e4llt die Einschreibung am  Turniertag und wir k\u00f6nnen bereits die Auslosung und Erstellung des  Spielplans vornehmen. So k\u00f6nnen die Spiele p\u00fcnktlich um 12:00 Uhr  beginnen. <\/p>\n\n\n\n<p class=\"has-text-align-center\"><strong>F\u00fcr jedes Turnier werden 24 feste Teilnehmeranmeldungen <\/strong><br><strong>(= 12 Doubletteteams) angenommen!<\/strong> <\/p>\n\n\n\n<p class=\"has-text-align-left has-text-color has-medium-font-size\" style=\"color:#f31212\"><strong>Neu 2022<\/strong>:<\/p>\n\n\n\n<p class=\"has-text-align-left has-text-color has-medium-font-size\" style=\"color:#f31212\"><strong>Falls am jeweils ersten Anmeldetag (Sonntag) bis 15 Uhr mehr als 24 Teilnehmeranmeldungen eingegangen sind, werden alle bis zu diesem Zeitpunkt eingegangenen Anmeldungen einem Losverfahren zugef\u00fchrt. Darin werden die 24 Teilnehmer ausgelost. Nicht ausgeloste und sp\u00e4ter eingehende Anmeldungen werden in einer Warteliste gef\u00fchrt.<\/strong><\/p>\n\n\n\n<p>https:\/\/boule-im-rheingau.de\/wp-content\/uploads\/2023\/01\/Final-Runde-WM-2022-05-1.pdfSollte kurzfristig eine Teilnahme nicht m\u00f6glich sein (z.B.  wegen Erkrankung, was hoffentlich nicht vorkommt),  bitten wir um  eine Nachricht per eMail oder Telefon, damit wir den Platz ggf. an einen  Mitspieler auf der Warteliste vergeben k\u00f6nnen. <\/p>\n\n\n\n<p>Bei weniger als 12 angemeldeten Teilnehmern (&lt; 6 Teams) wird kein  Turnier gespielt. Eine Wertung w\u00e4re im Hinblick auf die Gesamtwertung  nicht gerecht. Au\u00dferdem w\u00e4re der organisatorische Aufwand unangemessen  hoch. (Die Absage erfolgt per eMail an alle angemeldeten Teilnehmer)<\/p>\n\n\n\n<p class=\"has-medium-font-size\"><strong><a href=\"https:\/\/boule-im-rheingau.de\/wp-content\/uploads\/2023\/03\/wm-2022-Gesamtwertung-10.pdf\" title=\"\">Der Stand der Gesamtwertung der laufenden Turnierserie nach der 10. Runde.<\/a><\/strong><\/p>\n\n\n\n<ol class=\"wp-block-list\">\n<li><a href=\"https:\/\/boule-im-rheingau.de\/wp-content\/uploads\/2022\/12\/Final-Runde-WM-2022-01.pdf\">Finalrunde WM 2022\/23<\/a>        &#8212;-          6. <a href=\"https:\/\/boule-im-rheingau.de\/wp-content\/uploads\/2023\/01\/Final-Runde-WM-2022-06.pdf\">Finalrunde WM 2022\/23<\/a><\/li>\n\n\n\n<li><a href=\"https:\/\/boule-im-rheingau.de\/wp-content\/uploads\/2022\/12\/Final-Runde-WM-2022-02.pdf\">Finalrunde WM 2022\/23<\/a>        &#8212;-          7. <a href=\"https:\/\/boule-im-rheingau.de\/wp-content\/uploads\/2023\/02\/Final-Runde-WM-2022-07.pdf\">Finalrunde WM 2022\/23<\/a><\/li>\n\n\n\n<li><a href=\"https:\/\/boule-im-rheingau.de\/wp-content\/uploads\/2022\/12\/Final-Runde-WM-2022-03.pdf\">Finalrunde WM 2022\/23<\/a>        &#8212;-          8. <a href=\"https:\/\/boule-im-rheingau.de\/wp-content\/uploads\/2023\/02\/Final-Runde-WM-2022-08.pdf\" title=\"\">Finalrunde WM 2022\/23<\/a><\/li>\n\n\n\n<li><a href=\"https:\/\/boule-im-rheingau.de\/wp-content\/uploads\/2022\/12\/Final-Runde-WM-2022-04.pdf\">Finalrunde WM 2022\/23<\/a>        &#8212;-          9. <a href=\"https:\/\/boule-im-rheingau.de\/wp-content\/uploads\/2023\/03\/Final-Runde-WM-2022-09.pdf\" title=\"\">Finalrunde WM 2022\/23<\/a><\/li>\n\n\n\n<li><a href=\"https:\/\/boule-im-rheingau.de\/wp-content\/uploads\/2023\/01\/Final-Runde-WM-2022-05-1.pdf\">Finalrunde WM 2022\/23<\/a>        &#8212;-       10. <a href=\"https:\/\/boule-im-rheingau.de\/wp-content\/uploads\/2023\/03\/Final-Runde-WM-2022-10.pdf\" title=\"\">Finalrunde WM 2022\/23<\/a><\/li>\n<\/ol>\n\n\n\n<p><\/p>\n\n\n\n\n\n<p><\/p>\n\n\n\n<p class=\"has-medium-font-size\"><\/p>\n\n\n\n<hr class=\"wp-block-separator has-css-opacity is-style-wide\"\/>\n\n\n[table \u201cxx\u201d not found \/]<br \/>\n\n","protected":false},"excerpt":{"rendered":"<p>Die Termine f\u00fcr die Wintermasters 2022\/2023: F\u00fcr Essen und Trinken ist gesorgt: Ein warmer Eintopf,&nbsp; Gl\u00fchwein der Saison (darf im Rheingau nicht fehlen), Kaffee und Kuchen \u2013 da kann man es sich bei sehr moderaten Preisen gut gehen lassen. Spielbeginn jeweils 12:00 Uhr&nbsp; !!! Turniermodus Anmeldungen nur schriftlich per eMail und unbedingt nur an wintermasters@boule-im-rheingau.de [&hellip;]<\/p>\n","protected":false},"author":264,"featured_media":0,"parent":6706,"menu_order":12,"comment_status":"closed","ping_status":"closed","template":"","meta":{"_exactmetrics_skip_tracking":false,"_exactmetrics_sitenote_active":false,"_exactmetrics_sitenote_note":"","_exactmetrics_sitenote_category":0,"_monsterinsights_skip_tracking":false,"_monsterinsights_sitenote_active":false,"_monsterinsights_sitenote_note":"","_monsterinsights_sitenote_category":0,"footnotes":""},"class_list":["post-13212","page","type-page","status-publish","hentry"],"aioseo_notices":[],"_links":{"self":[{"href":"https:\/\/boule-im-rheingau.de\/index.php?rest_route=\/wp\/v2\/pages\/13212","targetHints":{"allow":["GET"]}}],"collection":[{"href":"https:\/\/boule-im-rheingau.de\/index.php?rest_route=\/wp\/v2\/pages"}],"about":[{"href":"https:\/\/boule-im-rheingau.de\/index.php?rest_route=\/wp\/v2\/types\/page"}],"author":[{"embeddable":true,"href":"https:\/\/boule-im-rheingau.de\/index.php?rest_route=\/wp\/v2\/users\/264"}],"replies":[{"embeddable":true,"href":"https:\/\/boule-im-rheingau.de\/index.php?rest_route=%2Fwp%2Fv2%2Fcomments&post=13212"}],"version-history":[{"count":56,"href":"https:\/\/boule-im-rheingau.de\/index.php?rest_route=\/wp\/v2\/pages\/13212\/revisions"}],"predecessor-version":[{"id":14183,"href":"https:\/\/boule-im-rheingau.de\/index.php?rest_route=\/wp\/v2\/pages\/13212\/revisions\/14183"}],"up":[{"embeddable":true,"href":"https:\/\/boule-im-rheingau.de\/index.php?rest_route=\/wp\/v2\/pages\/6706"}],"wp:attachment":[{"href":"https:\/\/boule-im-rheingau.de\/index.php?rest_route=%2Fwp%2Fv2%2Fmedia&parent=13212"}],"curies":[{"name":"wp","href":"https:\/\/api.w.org\/{rel}","templated":true}]}}